{"id":4023,"date":"2024-11-04T15:19:52","date_gmt":"2024-11-04T14:19:52","guid":{"rendered":"https:\/\/cannmedic.at\/?page_id=4023"},"modified":"2025-03-13T09:11:16","modified_gmt":"2025-03-13T08:11:16","slug":"arztmuster","status":"publish","type":"page","link":"https:\/\/cannmedic.at\/en\/arztmuster\/","title":{"rendered":"Arztmuster"},"content":{"rendered":"<div data-elementor-type=\"wp-page\" data-elementor-id=\"4023\" class=\"elementor elementor-4023\">\n\t\t\t\t\t\t<section class=\"elementor-section elementor-top-section elementor-element elementor-element-c9251a1 elementor-section-boxed elementor-section-height-default elementor-section-height-default\" data-id=\"c9251a1\" data-element_type=\"section\" data-e-type=\"section\" data-settings=\"{&quot;background_background&quot;:&quot;classic&quot;}\">\n\t\t\t\t\t\t<div class=\"elementor-container elementor-column-gap-default\">\n\t\t\t\t\t<div class=\"elementor-column elementor-col-100 elementor-top-column elementor-element elementor-element-b42658c\" data-id=\"b42658c\" data-element_type=\"column\" data-e-type=\"column\" data-settings=\"{&quot;background_background&quot;:&quot;classic&quot;}\">\n\t\t\t<div class=\"elementor-widget-wrap elementor-element-populated\">\n\t\t\t\t\t\t<div class=\"elementor-element elementor-element-4d87f49 elementor-widget elementor-widget-heading\" data-id=\"4d87f49\" data-element_type=\"widget\" data-e-type=\"widget\" data-widget_type=\"heading.default\">\n\t\t\t\t<div class=\"elementor-widget-container\">\n\t\t\t\t\t<h1 class=\"elementor-heading-title elementor-size-default\">Samples and marketing material for healthcare professionals<\/h1>\t\t\t\t<\/div>\n\t\t\t\t<\/div>\n\t\t\t\t<div class=\"elementor-element elementor-element-8e202ab elementor-widget elementor-widget-text-editor\" data-id=\"8e202ab\" data-element_type=\"widget\" data-e-type=\"widget\" data-widget_type=\"text-editor.default\">\n\t\t\t\t<div class=\"elementor-widget-container\">\n\t\t\t\t\t\t\t\t\t<p class=\"translation-block\">This form allows pharmacies and healthcare professionals in Austria who are general practitioners with a dispensary to request free product samples and advertising material for our <strong>CANNEFF\u00ae<\/strong>  medical products.<\/p>\t\t\t\t\t\t\t\t<\/div>\n\t\t\t\t<\/div>\n\t\t\t\t<div class=\"elementor-element elementor-element-20d5589 eael-contact-form-7-button-align-left eael-contact-form-7-button-align-left eael-contact-form-7-button-custom elementor-widget elementor-widget-eael-contact-form-7\" data-id=\"20d5589\" data-element_type=\"widget\" data-e-type=\"widget\" data-widget_type=\"eael-contact-form-7.default\">\n\t\t\t\t<div class=\"elementor-widget-container\">\n\t\t\t\t\t<div class=\"eael-contact-form-7-wrapper\">\n                <div class=\"eael-contact-form eael-contact-form-7 eael-contact-form-20d5589 eael-custom-radio-checkbox eael-contact-form-align-default\">\n<div class=\"wpcf7 no-js\" id=\"wpcf7-f4022-o1\" lang=\"de-DE\" dir=\"ltr\" data-wpcf7-id=\"4022\">\n<div class=\"screen-reader-response\"><p role=\"status\" aria-live=\"polite\" aria-atomic=\"true\"><\/p> <ul><\/ul><\/div>\n<form action=\"\/en\/wp-json\/wp\/v2\/pages\/4023#wpcf7-f4022-o1\" method=\"post\" class=\"wpcf7-form init\" aria-label=\"Kontaktformular\" novalidate=\"novalidate\" data-status=\"init\" data-trp-original-action=\"\/en\/wp-json\/wp\/v2\/pages\/4023#wpcf7-f4022-o1\">\n<fieldset class=\"hidden-fields-container\"><input type=\"hidden\" name=\"_wpcf7\" value=\"4022\" \/><input type=\"hidden\" name=\"_wpcf7_version\" value=\"6.1.5\" \/><input type=\"hidden\" name=\"_wpcf7_locale\" value=\"de_DE\" \/><input type=\"hidden\" name=\"_wpcf7_unit_tag\" value=\"wpcf7-f4022-o1\" \/><input type=\"hidden\" name=\"_wpcf7_container_post\" value=\"0\" \/><input type=\"hidden\" name=\"_wpcf7_posted_data_hash\" value=\"\" \/><input type=\"hidden\" name=\"_wpcf7_recaptcha_response\" value=\"\" \/>\n<\/fieldset>\n<p><label> Practice name<br \/>\n<span class=\"wpcf7-form-control-wrap\" data-name=\"Praxisname\"><input size=\"40\" maxlength=\"400\" class=\"wpcf7-form-control wpcf7-text wpcf7-validates-as-required\" aria-required=\"true\" aria-invalid=\"false\" value=\"\" type=\"text\" name=\"Praxisname\" \/><\/span> <\/label><br \/>\n<label> Address:<br \/>\n<span class=\"wpcf7-form-control-wrap\" data-name=\"Adresse\"><input size=\"40\" maxlength=\"400\" class=\"wpcf7-form-control wpcf7-text wpcf7-validates-as-required\" aria-required=\"true\" aria-invalid=\"false\" value=\"\" type=\"text\" name=\"Adresse\" \/><\/span> <\/label><br \/>\n<label> PLZ<br \/>\n<span class=\"wpcf7-form-control-wrap\" data-name=\"PLZ\"><input size=\"40\" maxlength=\"400\" class=\"wpcf7-form-control wpcf7-text wpcf7-validates-as-required\" aria-required=\"true\" aria-invalid=\"false\" value=\"\" type=\"text\" name=\"PLZ\" \/><\/span> <\/label><br \/>\n<label> Town<br \/>\n<span class=\"wpcf7-form-control-wrap\" data-name=\"Ort\"><input size=\"40\" maxlength=\"400\" class=\"wpcf7-form-control wpcf7-text wpcf7-validates-as-required\" aria-required=\"true\" aria-invalid=\"false\" value=\"\" type=\"text\" name=\"Ort\" \/><\/span> <\/label><br \/>\n<label> Phone<span class=\"wpcf7-form-control-wrap\" data-name=\"tel-685\"><input size=\"40\" maxlength=\"400\" class=\"wpcf7-form-control wpcf7-tel wpcf7-text wpcf7-validates-as-tel\" aria-invalid=\"false\" value=\"\" type=\"tel\" name=\"tel-685\" \/><\/span><\/label><br \/>\n<label> Mail<br \/>\n<span class=\"wpcf7-form-control-wrap\" data-name=\"your-email\"><input size=\"40\" maxlength=\"400\" class=\"wpcf7-form-control wpcf7-email wpcf7-validates-as-required wpcf7-text wpcf7-validates-as-email\" autocomplete=\"email\" aria-required=\"true\" aria-invalid=\"false\" value=\"\" type=\"email\" name=\"your-email\" \/><\/span> <\/label>\n<\/p>\n<p><label>I would like to order the following free samples of medicines: <\/label><br \/>\n<span class=\"wpcf7-form-control-wrap\" data-name=\"checkbox-775\"><span class=\"wpcf7-form-control wpcf7-checkbox\"><span class=\"wpcf7-list-item first\"><label><input type=\"checkbox\" name=\"checkbox-775[]\" value=\"CANNEFF\u00ae VAG SUP Vaginalz\u00e4pfchen\" \/><span class=\"wpcf7-list-item-label\">CANNEFF\u00ae VAG SUP vaginal suppositories<\/span><\/label><\/span><span class=\"wpcf7-list-item last\"><label><input type=\"checkbox\" name=\"checkbox-775[]\" value=\"CANNEFF\u00ae SUP Rektalz\u00e4pfchen\" \/><span class=\"wpcf7-list-item-label\">CANNEFF\u00ae SUP rectal suppositories<\/span><\/label><\/span><\/span><\/span>\n<\/p>\n<p><label>I would like to be contacted regarding a consultation: <\/label><br \/>\n<span class=\"wpcf7-form-control-wrap\" data-name=\"checkbox-481\"><span class=\"wpcf7-form-control wpcf7-checkbox\"><span class=\"wpcf7-list-item first last\"><label><input type=\"checkbox\" name=\"checkbox-481[]\" value=\"Beratung durch unseren Medizinprodukteberater\" \/><span class=\"wpcf7-list-item-label\">Consultation with our medical product consultant<\/span><\/label><\/span><\/span><\/span>\n<\/p>\n<p><label>I am using the following materials for my recommendation: <\/label><br \/>\n<span class=\"wpcf7-form-control-wrap\" data-name=\"checkbox-888\"><span class=\"wpcf7-form-control wpcf7-checkbox\"><span class=\"wpcf7-list-item first\"><label><input type=\"checkbox\" name=\"checkbox-888[]\" value=\"Produktmuster\" \/><span class=\"wpcf7-list-item-label\">Product samples<\/span><\/label><\/span><span class=\"wpcf7-list-item last\"><label><input type=\"checkbox\" name=\"checkbox-888[]\" value=\"Produktflyer\" \/><span class=\"wpcf7-list-item-label\">Product flyer<\/span><\/label><\/span><\/span><\/span>\n<\/p>\n<p><label> I have the following question or feedback about CANNEFF\u00ae medical products:<br \/>\n<span class=\"wpcf7-form-control-wrap\" data-name=\"your-message\"><textarea cols=\"40\" rows=\"10\" maxlength=\"2000\" class=\"wpcf7-form-control wpcf7-textarea\" aria-invalid=\"false\" name=\"your-message\"><\/textarea><\/span> <\/label><br \/>\n<span class=\"wpcf7-form-control-wrap\" data-name=\"acceptance-36\"><span class=\"wpcf7-form-control wpcf7-acceptance\"><span class=\"wpcf7-list-item\"><label><input type=\"checkbox\" name=\"acceptance-36\" value=\"1\" aria-invalid=\"false\" \/><span class=\"wpcf7-list-item-label\">I have read the data protection declaration and consent to the storage of my personal data.<\/span><\/label><\/span><\/span><\/span>\n<\/p>\n<p><input class=\"wpcf7-form-control wpcf7-submit has-spinner\" type=\"submit\" value=\"Send\" \/>\n<\/p><div class=\"wpcf7-response-output\" aria-hidden=\"true\"><\/div>\n<input type=\"hidden\" name=\"trp-form-language\" value=\"en\"\/><\/form>\n<\/div>\n<\/div>\n            <\/div>\t\t\t\t<\/div>\n\t\t\t\t<\/div>\n\t\t\t\t\t<\/div>\n\t\t<\/div>\n\t\t\t\t\t<\/div>\n\t\t<\/section>\n\t\t\t\t<\/div>","protected":false},"excerpt":{"rendered":"<p>Muster und Marketingmaterial f\u00fcr medizinisches Fachpersonal \u00dcber dieses Formular haben Sie in \u00d6sterreich als Apotheke oder Angeh\u00f6rige:r der Fachkreise, der Allgemeinmedizin mit Hausapotheke die M\u00f6glichkeit, hier kostenlose Produktmuster sowie Werbematerial unserer CANNEFF\u00ae Medizinprodukte anzufordern. Praxisname Adresse PLZ Ort Telefon E-Mail-Adresse Ich m\u00f6chte folgende kostenlose Arztmuster bestellen: CANNEFF VAG SUP Vaginalz\u00e4pfchenCANNEFF SUP Rektalz\u00e4pfchen Ich m\u00f6chte bez\u00fcglich [&hellip;]<\/p>\n","protected":false},"author":1,"featured_media":0,"parent":0,"menu_order":0,"comment_status":"closed","ping_status":"closed","template":"","meta":{"inline_featured_image":false,"footnotes":""},"class_list":["post-4023","page","type-page","status-publish","hentry"],"yoast_head":"<!-- This site is optimized with the Yoast SEO plugin v27.3 - https:\/\/yoast.com\/product\/yoast-seo-wordpress\/ -->\n<title>Arztmuster - cannmedic<\/title>\n<meta name=\"description\" content=\"Als Angeh\u00f6rige:r der Fachkreise in \u00d6sterreich k\u00f6nnen Sie Produktmuster sowie Servicematerial unserer CANNEFF Medizinprodukte anfordern.\" \/>\n<meta name=\"robots\" content=\"index, follow, max-snippet:-1, max-image-preview:large, max-video-preview:-1\" \/>\n<link rel=\"canonical\" href=\"https:\/\/cannmedic.at\/en\/arztmuster\/\" \/>\n<meta property=\"og:locale\" content=\"en_GB\" \/>\n<meta property=\"og:type\" content=\"article\" \/>\n<meta property=\"og:title\" content=\"Arztmuster - cannmedic\" \/>\n<meta property=\"og:description\" content=\"Als Angeh\u00f6rige:r der Fachkreise in \u00d6sterreich k\u00f6nnen Sie Produktmuster sowie Servicematerial unserer CANNEFF Medizinprodukte anfordern.\" \/>\n<meta property=\"og:url\" content=\"https:\/\/cannmedic.at\/en\/arztmuster\/\" \/>\n<meta property=\"og:site_name\" content=\"cannmedic\" \/>\n<meta property=\"article:modified_time\" content=\"2025-03-13T08:11:16+00:00\" \/>\n<meta name=\"twitter:card\" content=\"summary_large_image\" \/>\n<meta name=\"twitter:label1\" content=\"Estimated reading time\" \/>\n\t<meta name=\"twitter:data1\" content=\"1 minute\" \/>\n<script type=\"application\/ld+json\" class=\"yoast-schema-graph\">{\"@context\":\"https:\\\/\\\/schema.org\",\"@graph\":[{\"@type\":\"WebPage\",\"@id\":\"https:\\\/\\\/cannmedic.at\\\/arztmuster\\\/\",\"url\":\"https:\\\/\\\/cannmedic.at\\\/arztmuster\\\/\",\"name\":\"Arztmuster - cannmedic\",\"isPartOf\":{\"@id\":\"https:\\\/\\\/cannmedic.at\\\/#website\"},\"datePublished\":\"2024-11-04T14:19:52+00:00\",\"dateModified\":\"2025-03-13T08:11:16+00:00\",\"description\":\"Als Angeh\u00f6rige:r der Fachkreise in \u00d6sterreich k\u00f6nnen Sie Produktmuster sowie Servicematerial unserer CANNEFF Medizinprodukte anfordern.\",\"breadcrumb\":{\"@id\":\"https:\\\/\\\/cannmedic.at\\\/arztmuster\\\/#breadcrumb\"},\"inLanguage\":\"en-GB\",\"potentialAction\":[{\"@type\":\"ReadAction\",\"target\":[\"https:\\\/\\\/cannmedic.at\\\/arztmuster\\\/\"]}]},{\"@type\":\"BreadcrumbList\",\"@id\":\"https:\\\/\\\/cannmedic.at\\\/arztmuster\\\/#breadcrumb\",\"itemListElement\":[{\"@type\":\"ListItem\",\"position\":1,\"name\":\"Startseite\",\"item\":\"https:\\\/\\\/cannmedic.at\\\/\"},{\"@type\":\"ListItem\",\"position\":2,\"name\":\"Arztmuster\"}]},{\"@type\":\"WebSite\",\"@id\":\"https:\\\/\\\/cannmedic.at\\\/#website\",\"url\":\"https:\\\/\\\/cannmedic.at\\\/\",\"name\":\"cannmedic\",\"description\":\"Cannabinoid-basierte Medizinprodukte\",\"publisher\":{\"@id\":\"https:\\\/\\\/cannmedic.at\\\/#organization\"},\"potentialAction\":[{\"@type\":\"SearchAction\",\"target\":{\"@type\":\"EntryPoint\",\"urlTemplate\":\"https:\\\/\\\/cannmedic.at\\\/?s={search_term_string}\"},\"query-input\":{\"@type\":\"PropertyValueSpecification\",\"valueRequired\":true,\"valueName\":\"search_term_string\"}}],\"inLanguage\":\"en-GB\"},{\"@type\":\"Organization\",\"@id\":\"https:\\\/\\\/cannmedic.at\\\/#organization\",\"name\":\"cannmedic\",\"url\":\"https:\\\/\\\/cannmedic.at\\\/\",\"logo\":{\"@type\":\"ImageObject\",\"inLanguage\":\"en-GB\",\"@id\":\"https:\\\/\\\/cannmedic.at\\\/#\\\/schema\\\/logo\\\/image\\\/\",\"url\":\"https:\\\/\\\/cannmedic.at\\\/wp-content\\\/uploads\\\/2021\\\/08\\\/LOGO-cannmedic.png\",\"contentUrl\":\"https:\\\/\\\/cannmedic.at\\\/wp-content\\\/uploads\\\/2021\\\/08\\\/LOGO-cannmedic.png\",\"width\":595,\"height\":177,\"caption\":\"cannmedic\"},\"image\":{\"@id\":\"https:\\\/\\\/cannmedic.at\\\/#\\\/schema\\\/logo\\\/image\\\/\"}}]}<\/script>\n<!-- \/ Yoast SEO plugin. -->","yoast_head_json":{"title":"Arztmuster - cannmedic","description":"Als Angeh\u00f6rige:r der Fachkreise in \u00d6sterreich k\u00f6nnen Sie Produktmuster sowie Servicematerial unserer CANNEFF Medizinprodukte anfordern.","robots":{"index":"index","follow":"follow","max-snippet":"max-snippet:-1","max-image-preview":"max-image-preview:large","max-video-preview":"max-video-preview:-1"},"canonical":"https:\/\/cannmedic.at\/en\/arztmuster\/","og_locale":"en_GB","og_type":"article","og_title":"Arztmuster - cannmedic","og_description":"Als Angeh\u00f6rige:r der Fachkreise in \u00d6sterreich k\u00f6nnen Sie Produktmuster sowie Servicematerial unserer CANNEFF Medizinprodukte anfordern.","og_url":"https:\/\/cannmedic.at\/en\/arztmuster\/","og_site_name":"cannmedic","article_modified_time":"2025-03-13T08:11:16+00:00","twitter_card":"summary_large_image","twitter_misc":{"Estimated reading time":"1 minute"},"schema":{"@context":"https:\/\/schema.org","@graph":[{"@type":"WebPage","@id":"https:\/\/cannmedic.at\/arztmuster\/","url":"https:\/\/cannmedic.at\/arztmuster\/","name":"Arztmuster - cannmedic","isPartOf":{"@id":"https:\/\/cannmedic.at\/#website"},"datePublished":"2024-11-04T14:19:52+00:00","dateModified":"2025-03-13T08:11:16+00:00","description":"Als Angeh\u00f6rige:r der Fachkreise in \u00d6sterreich k\u00f6nnen Sie Produktmuster sowie Servicematerial unserer CANNEFF Medizinprodukte anfordern.","breadcrumb":{"@id":"https:\/\/cannmedic.at\/arztmuster\/#breadcrumb"},"inLanguage":"en-GB","potentialAction":[{"@type":"ReadAction","target":["https:\/\/cannmedic.at\/arztmuster\/"]}]},{"@type":"BreadcrumbList","@id":"https:\/\/cannmedic.at\/arztmuster\/#breadcrumb","itemListElement":[{"@type":"ListItem","position":1,"name":"Startseite","item":"https:\/\/cannmedic.at\/"},{"@type":"ListItem","position":2,"name":"Arztmuster"}]},{"@type":"WebSite","@id":"https:\/\/cannmedic.at\/#website","url":"https:\/\/cannmedic.at\/","name":"cannmedic","description":"Cannabinoid-basierte Medizinprodukte","publisher":{"@id":"https:\/\/cannmedic.at\/#organization"},"potentialAction":[{"@type":"SearchAction","target":{"@type":"EntryPoint","urlTemplate":"https:\/\/cannmedic.at\/?s={search_term_string}"},"query-input":{"@type":"PropertyValueSpecification","valueRequired":true,"valueName":"search_term_string"}}],"inLanguage":"en-GB"},{"@type":"Organization","@id":"https:\/\/cannmedic.at\/#organization","name":"cannmedic","url":"https:\/\/cannmedic.at\/","logo":{"@type":"ImageObject","inLanguage":"en-GB","@id":"https:\/\/cannmedic.at\/#\/schema\/logo\/image\/","url":"https:\/\/cannmedic.at\/wp-content\/uploads\/2021\/08\/LOGO-cannmedic.png","contentUrl":"https:\/\/cannmedic.at\/wp-content\/uploads\/2021\/08\/LOGO-cannmedic.png","width":595,"height":177,"caption":"cannmedic"},"image":{"@id":"https:\/\/cannmedic.at\/#\/schema\/logo\/image\/"}}]}},"_links":{"self":[{"href":"https:\/\/cannmedic.at\/en\/wp-json\/wp\/v2\/pages\/4023","targetHints":{"allow":["GET"]}}],"collection":[{"href":"https:\/\/cannmedic.at\/en\/wp-json\/wp\/v2\/pages"}],"about":[{"href":"https:\/\/cannmedic.at\/en\/wp-json\/wp\/v2\/types\/page"}],"author":[{"embeddable":true,"href":"https:\/\/cannmedic.at\/en\/wp-json\/wp\/v2\/users\/1"}],"replies":[{"embeddable":true,"href":"https:\/\/cannmedic.at\/en\/wp-json\/wp\/v2\/comments?post=4023"}],"version-history":[{"count":31,"href":"https:\/\/cannmedic.at\/en\/wp-json\/wp\/v2\/pages\/4023\/revisions"}],"predecessor-version":[{"id":4069,"href":"https:\/\/cannmedic.at\/en\/wp-json\/wp\/v2\/pages\/4023\/revisions\/4069"}],"wp:attachment":[{"href":"https:\/\/cannmedic.at\/en\/wp-json\/wp\/v2\/media?parent=4023"}],"curies":[{"name":"wp","href":"https:\/\/api.w.org\/{rel}","templated":true}]}}